{"id":3894,"date":"2022-02-21T14:09:51","date_gmt":"2022-02-21T13:09:51","guid":{"rendered":"https:\/\/www.camping-marseille.fr\/?page_id=3894"},"modified":"2022-11-15T11:42:52","modified_gmt":"2022-11-15T10:42:52","slug":"blackfridayoffer","status":"publish","type":"page","link":"https:\/\/www.camping-marseille.fr\/en\/blackfridayoffer\/","title":{"rendered":"Special Offer"},"content":{"rendered":"\n<div style=\"height:42px\" aria-hidden=\"true\" class=\"wp-block-spacer\"><\/div>\n\n\n\n<div class=\"wp-block-cover is-light\"><span aria-hidden=\"true\" class=\"wp-block-cover__background has-background-dim-0 has-background-dim\"><\/span><img loading=\"lazy\" decoding=\"async\" width=\"750\" height=\"400\" class=\"wp-block-cover__image-background wp-image-4288\" alt=\"\" src=\"https:\/\/www.camping-marseille.fr\/wp-content\/uploads\/2022\/11\/PASC-Black-Friday-750-\u00d7-400-px-1.png\" data-object-fit=\"cover\" srcset=\"https:\/\/www.camping-marseille.fr\/wp-content\/uploads\/2022\/11\/PASC-Black-Friday-750-\u00d7-400-px-1.png 750w, https:\/\/www.camping-marseille.fr\/wp-content\/uploads\/2022\/11\/PASC-Black-Friday-750-\u00d7-400-px-1-300x160.png 300w, https:\/\/www.camping-marseille.fr\/wp-content\/uploads\/2022\/11\/PASC-Black-Friday-750-\u00d7-400-px-1-260x139.png 260w, https:\/\/www.camping-marseille.fr\/wp-content\/uploads\/2022\/11\/PASC-Black-Friday-750-\u00d7-400-px-1-50x27.png 50w, https:\/\/www.camping-marseille.fr\/wp-content\/uploads\/2022\/11\/PASC-Black-Friday-750-\u00d7-400-px-1-131x70.png 131w\" sizes=\"auto, (max-width: 750px) 100vw, 750px\" \/><div class=\"wp-block-cover__inner-container is-layout-flow wp-block-cover-is-layout-flow\">\n<p class=\"has-text-align-center has-large-font-size\"><\/p>\n<\/div><\/div>\n\n\n\n<div style=\"height:40px\" aria-hidden=\"true\" class=\"wp-block-spacer\"><\/div>\n\n\n\n<h2 class=\"has-text-color wp-block-heading\" style=\"color:#4da846\"><strong>\ud83d\udea8 BLACK FRIDAY OFFER \ud83d\udea8<\/strong><\/h2>\n\n\n\n<div style=\"height:35px\" aria-hidden=\"true\" class=\"wp-block-spacer\"><\/div>\n\n\n\n<p>Take advantage of our special offer, to organize your next vacation at the best price! \u2600\ufe0f<\/p>\n\n\n\n<p class=\"has-text-align-left\">Book now a mobile home, canvas bungalow or pitch and get a discount of<\/p>\n\n\n\n<h3 class=\"has-text-align-center has-text-color wp-block-heading\" style=\"color:#4da846\"><strong><strong>25% OFF for a stay between 22\/07\/23 and 30\/07\/23 with the code BF23<\/strong>*<\/strong><\/h3>\n\n\n\n<p>It&#8217;s time to book your summer holidays, to ensure a cool comfort, during a dream stay at the water&#8217;s edge! The beach and the sun are just a few clicks away! \ud83c\udfd6\ufe0f<\/p>\n\n\n\n<p>We look forward to seeing you!<\/p>\n\n\n\n<div style=\"height:10px\" aria-hidden=\"true\" class=\"wp-block-spacer\"><\/div>\n\n\n<p><center><a style=\"display: block; height: 50px; width: 300px; background: #4da846; color: #ffffff; text-align: center; font-weight: bold; font-size: 100%; line-height: 50px; font-family: Arial; border-radius: 20px; text-decoration: none;\" href=\"https:\/\/bookingpremium.secureholiday.net\/en\/5315\/\">Book now<\/a><\/center><\/p>\n\n\n\n<div style=\"height:20px\" aria-hidden=\"true\" class=\"wp-block-spacer\"><\/div>\n\n\n\n<p style=\"font-size:15px\"><em>* Payment in 1 time in full (no deposit possible). Without the code BF23, the discount does not work. The stay cannot be changed, exchanged or refunded. This offer is valid while stocks last.<\/em><\/p>\n\n\n\n<div style=\"height:23px\" aria-hidden=\"true\" class=\"wp-block-spacer\"><\/div>\n\n\n<p><ctv-search><\/ctv-search><\/p>\n","protected":false},"excerpt":{"rendered":"<p>\ud83d\udea8 BLACK FRIDAY OFFER \ud83d\udea8 Take advantage of our special offer, to organize your next vacation at the best price! \u2600\ufe0f Book now a [&hellip;]<\/p>\n","protected":false},"author":6,"featured_media":0,"parent":0,"menu_order":0,"comment_status":"closed","ping_status":"closed","template":"","meta":{"footnotes":""},"class_list":["post-3894","page","type-page","status-publish","hentry"],"yoast_head":"<!-- This site is optimized with the Yoast SEO plugin v27.4 - https:\/\/yoast.com\/product\/yoast-seo-wordpress\/ -->\n<title>Special Offer - Camping Pascalounet<\/title>\n<meta name=\"robots\" content=\"index, follow, max-snippet:-1, max-image-preview:large, max-video-preview:-1\" \/>\n<link rel=\"canonical\" href=\"https:\/\/www.camping-marseille.fr\/en\/blackfridayoffer\/\" \/>\n<meta property=\"og:locale\" content=\"en_US\" \/>\n<meta property=\"og:type\" content=\"article\" \/>\n<meta property=\"og:title\" content=\"Special Offer - Camping Pascalounet\" \/>\n<meta property=\"og:description\" content=\"\ud83d\udea8 BLACK FRIDAY OFFER \ud83d\udea8 Take advantage of our special offer, to organize your next vacation at the best price! \u2600\ufe0f Book now a [&hellip;]\" \/>\n<meta property=\"og:url\" content=\"https:\/\/www.camping-marseille.fr\/en\/blackfridayoffer\/\" \/>\n<meta property=\"og:site_name\" content=\"Camping Pascalounet\" \/>\n<meta property=\"article:modified_time\" content=\"2022-11-15T10:42:52+00:00\" \/>\n<meta name=\"twitter:card\" content=\"summary_large_image\" \/>\n<meta name=\"twitter:label1\" content=\"Est. reading time\" \/>\n\t<meta name=\"twitter:data1\" content=\"1 minute\" \/>\n<script type=\"application\/ld+json\" class=\"yoast-schema-graph\">{\"@context\":\"https:\\\/\\\/schema.org\",\"@graph\":[{\"@type\":\"WebPage\",\"@id\":\"https:\\\/\\\/www.camping-marseille.fr\\\/en\\\/blackfridayoffer\\\/\",\"url\":\"https:\\\/\\\/www.camping-marseille.fr\\\/en\\\/blackfridayoffer\\\/\",\"name\":\"Special Offer - Camping Pascalounet\",\"isPartOf\":{\"@id\":\"https:\\\/\\\/www.camping-marseille.fr\\\/en\\\/#website\"},\"datePublished\":\"2022-02-21T13:09:51+00:00\",\"dateModified\":\"2022-11-15T10:42:52+00:00\",\"breadcrumb\":{\"@id\":\"https:\\\/\\\/www.camping-marseille.fr\\\/en\\\/blackfridayoffer\\\/#breadcrumb\"},\"inLanguage\":\"en-US\",\"potentialAction\":[{\"@type\":\"ReadAction\",\"target\":[\"https:\\\/\\\/www.camping-marseille.fr\\\/en\\\/blackfridayoffer\\\/\"]}]},{\"@type\":\"BreadcrumbList\",\"@id\":\"https:\\\/\\\/www.camping-marseille.fr\\\/en\\\/blackfridayoffer\\\/#breadcrumb\",\"itemListElement\":[{\"@type\":\"ListItem\",\"position\":1,\"name\":\"Accueil\",\"item\":\"https:\\\/\\\/www.camping-marseille.fr\\\/en\\\/\"},{\"@type\":\"ListItem\",\"position\":2,\"name\":\"Special Offer\"}]},{\"@type\":\"WebSite\",\"@id\":\"https:\\\/\\\/www.camping-marseille.fr\\\/en\\\/#website\",\"url\":\"https:\\\/\\\/www.camping-marseille.fr\\\/en\\\/\",\"name\":\"Camping Pascalounet\",\"description\":\"Camping familial pr\u00e8s de Marseille \u00e0 100 m\u00e8tres de la plage\",\"potentialAction\":[{\"@type\":\"SearchAction\",\"target\":{\"@type\":\"EntryPoint\",\"urlTemplate\":\"https:\\\/\\\/www.camping-marseille.fr\\\/en\\\/?s={search_term_string}\"},\"query-input\":{\"@type\":\"PropertyValueSpecification\",\"valueRequired\":true,\"valueName\":\"search_term_string\"}}],\"inLanguage\":\"en-US\"}]}<\/script>\n<!-- \/ Yoast SEO plugin. -->","yoast_head_json":{"title":"Special Offer - Camping Pascalounet","robots":{"index":"index","follow":"follow","max-snippet":"max-snippet:-1","max-image-preview":"max-image-preview:large","max-video-preview":"max-video-preview:-1"},"canonical":"https:\/\/www.camping-marseille.fr\/en\/blackfridayoffer\/","og_locale":"en_US","og_type":"article","og_title":"Special Offer - Camping Pascalounet","og_description":"\ud83d\udea8 BLACK FRIDAY OFFER \ud83d\udea8 Take advantage of our special offer, to organize your next vacation at the best price! \u2600\ufe0f Book now a [&hellip;]","og_url":"https:\/\/www.camping-marseille.fr\/en\/blackfridayoffer\/","og_site_name":"Camping Pascalounet","article_modified_time":"2022-11-15T10:42:52+00:00","twitter_card":"summary_large_image","twitter_misc":{"Est. reading time":"1 minute"},"schema":{"@context":"https:\/\/schema.org","@graph":[{"@type":"WebPage","@id":"https:\/\/www.camping-marseille.fr\/en\/blackfridayoffer\/","url":"https:\/\/www.camping-marseille.fr\/en\/blackfridayoffer\/","name":"Special Offer - Camping Pascalounet","isPartOf":{"@id":"https:\/\/www.camping-marseille.fr\/en\/#website"},"datePublished":"2022-02-21T13:09:51+00:00","dateModified":"2022-11-15T10:42:52+00:00","breadcrumb":{"@id":"https:\/\/www.camping-marseille.fr\/en\/blackfridayoffer\/#breadcrumb"},"inLanguage":"en-US","potentialAction":[{"@type":"ReadAction","target":["https:\/\/www.camping-marseille.fr\/en\/blackfridayoffer\/"]}]},{"@type":"BreadcrumbList","@id":"https:\/\/www.camping-marseille.fr\/en\/blackfridayoffer\/#breadcrumb","itemListElement":[{"@type":"ListItem","position":1,"name":"Accueil","item":"https:\/\/www.camping-marseille.fr\/en\/"},{"@type":"ListItem","position":2,"name":"Special Offer"}]},{"@type":"WebSite","@id":"https:\/\/www.camping-marseille.fr\/en\/#website","url":"https:\/\/www.camping-marseille.fr\/en\/","name":"Camping Pascalounet","description":"Camping familial pr\u00e8s de Marseille \u00e0 100 m\u00e8tres de la plage","potentialAction":[{"@type":"SearchAction","target":{"@type":"EntryPoint","urlTemplate":"https:\/\/www.camping-marseille.fr\/en\/?s={search_term_string}"},"query-input":{"@type":"PropertyValueSpecification","valueRequired":true,"valueName":"search_term_string"}}],"inLanguage":"en-US"}]}},"_links":{"self":[{"href":"https:\/\/www.camping-marseille.fr\/en\/wp-json\/wp\/v2\/pages\/3894","targetHints":{"allow":["GET"]}}],"collection":[{"href":"https:\/\/www.camping-marseille.fr\/en\/wp-json\/wp\/v2\/pages"}],"about":[{"href":"https:\/\/www.camping-marseille.fr\/en\/wp-json\/wp\/v2\/types\/page"}],"author":[{"embeddable":true,"href":"https:\/\/www.camping-marseille.fr\/en\/wp-json\/wp\/v2\/users\/6"}],"replies":[{"embeddable":true,"href":"https:\/\/www.camping-marseille.fr\/en\/wp-json\/wp\/v2\/comments?post=3894"}],"version-history":[{"count":20,"href":"https:\/\/www.camping-marseille.fr\/en\/wp-json\/wp\/v2\/pages\/3894\/revisions"}],"predecessor-version":[{"id":4293,"href":"https:\/\/www.camping-marseille.fr\/en\/wp-json\/wp\/v2\/pages\/3894\/revisions\/4293"}],"wp:attachment":[{"href":"https:\/\/www.camping-marseille.fr\/en\/wp-json\/wp\/v2\/media?parent=3894"}],"curies":[{"name":"wp","href":"https:\/\/api.w.org\/{rel}","templated":true}]}}